{"id":1550,"date":"2018-08-30T09:13:11","date_gmt":"2018-08-30T09:13:11","guid":{"rendered":"https:\/\/www.piscinasmenorca.net\/?page_id=1550\/"},"modified":"2018-08-30T09:13:11","modified_gmt":"2018-08-30T09:13:11","slug":"avis-juridique","status":"publish","type":"page","link":"https:\/\/www.piscinasmenorca.net\/fr\/avis-juridique\/","title":{"rendered":"Avis juridique"},"content":{"rendered":"<p>Conform\u00e9ment \u00e0 la Loi 34\/2002 sur les Services de la Soci\u00e9t\u00e9 de l&rsquo;Information, nous vous informons que ce site est la propri\u00e9t\u00e9 d&rsquo;Interpiscinas, S.L. (ci-apr\u00e8s \u00ab\u00a0La Soci\u00e9t\u00e9\u00a0\u00bb), ayant son si\u00e8ge social \u00e0 C\/ Artrutx, 12 (POIMA), 07714 Mah\u00f3n, Illes Balears, Espagne et le num\u00e9ro d&rsquo;identification fiscale B07640642.<\/p>\n<p>Pour toute question ou notification concernant cette notice l\u00e9gale, veuillez nous contacter \u00e0 nuria@interpiscinas.com<\/p>\n<p>Protection des donn\u00e9es personnelles :<\/p>\n<p>Conform\u00e9ment au R\u00e8glement g\u00e9n\u00e9ral sur la protection des donn\u00e9es EU 2016\/679 (GDPR), nous vous informons que l&rsquo;utilisation de certains services sur notre site web requiert que vous nous fournissiez certaines donn\u00e9es personnelles, et que celles-ci seront soumises au traitement dont Interpiscinas, S.L. est responsable. L&rsquo;envoi susmentionn\u00e9 de donn\u00e9es personnelles constitue un consentement expr\u00e8s au traitement de ces donn\u00e9es, bien qu&rsquo;il puisse \u00eatre r\u00e9voqu\u00e9 et sans effet r\u00e9troactif. Nous vous informons \u00e9galement que La Soci\u00e9t\u00e9 applique les mesures de s\u00e9curit\u00e9 techniques et organisationnelles n\u00e9cessaires pour sauvegarder la s\u00e9curit\u00e9 et l&rsquo;int\u00e9grit\u00e9 de vos donn\u00e9es personnelles.<\/p>\n<p>Les donn\u00e9es que nous vous demandons sont ad\u00e9quates, pertinentes et strictement n\u00e9cessaires \u00e0 la finalit\u00e9 pour laquelle elles sont collect\u00e9es, et vous n&rsquo;\u00eates en aucun cas oblig\u00e9 de les fournir. De m\u00eame, vous certifiez que toutes les informations que vous nous fournissez sont vraies, v\u00e9ridiques et pertinentes au but pour lequel nous les demandons. Par cons\u00e9quent, il est important que, pour que nous conservions vos donn\u00e9es personnelles \u00e0 jour, vous nous informiez \u00e0 l&rsquo;adresse ci-dessus chaque fois qu&rsquo;il y a eu des changements, sinon nous ne sommes pas responsables de leur exactitude. Toutefois, la Soci\u00e9t\u00e9 se r\u00e9serve le droit de d\u00e9cider d&rsquo;inclure ou non vos donn\u00e9es personnelles dans ses fichiers.<\/p>\n<p>La Soci\u00e9t\u00e9 vous informe que vos donn\u00e9es sont trait\u00e9es confidentiellement et sont utilis\u00e9es exclusivement en interne et aux fins indiqu\u00e9es. Par cons\u00e9quent, nous ne transf\u00e9rons ou ne communiquons pas vos donn\u00e9es \u00e0 des tiers, sauf dans les cas pr\u00e9vus par la loi, ou que l&rsquo;utilisateur nous autorise express\u00e9ment \u00e0 le faire.<\/p>\n<p>Vous pouvez \u00e0 tout moment vous opposer \u00e0 nos livraisons commerciales, ainsi qu&rsquo;exercer vos droits d&rsquo;information, d&rsquo;acc\u00e8s, de rectification, de suppression, de limitation, de portabilit\u00e9 et d&rsquo;opposition dans les termes l\u00e9galement \u00e9tablis, \u00e0 l&rsquo;adresse et aux donn\u00e9es indiqu\u00e9es au d\u00e9but de cette notice l\u00e9gale, en nous fournissant une copie de votre carte d&rsquo;identit\u00e9.<\/p>\n<p>Nous consid\u00e9rons que si vous n&rsquo;annulez pas express\u00e9ment vos donn\u00e9es personnelles de notre base de donn\u00e9es, vous continuerez \u00e0 \u00eatre int\u00e9ress\u00e9 \u00e0 continuer \u00e0 y \u00eatre inclus jusqu&rsquo;\u00e0 ce que La Soci\u00e9t\u00e9 le juge appropri\u00e9 et tant qu&rsquo;il est appropri\u00e9 au but pour lequel elles ont \u00e9t\u00e9 obtenues.<\/p>\n<p>La Soci\u00e9t\u00e9 n&rsquo;est pas responsable de la politique de confidentialit\u00e9 concernant les donn\u00e9es personnelles qui peuvent \u00eatre fournies \u00e0 des tiers par le biais des liens disponibles sur notre site Web.<\/p>\n<p>La Soci\u00e9t\u00e9 peut modifier ces politiques de confidentialit\u00e9 pour les adapter aux changements qui se produisent sur notre site Web, ainsi que les changements l\u00e9gislatifs sur les donn\u00e9es personnelles telles qu&rsquo;elles apparaissent, ce qui n\u00e9cessite une lecture, chaque fois que vous fournissez vos donn\u00e9es par l&rsquo;interm\u00e9diaire de ce site Web.<\/p>\n","protected":false},"excerpt":{"rendered":"<p>Conform\u00e9ment \u00e0 la Loi 34\/2002 sur les Services de la Soci\u00e9t\u00e9 de l&rsquo;Information, nous vous informons que ce site est la propri\u00e9t\u00e9 d&rsquo;Interpiscinas, S.L. (ci-apr\u00e8s \u00ab\u00a0La<span class=\"excerpt-hellip\"> [\u2026]<\/span><\/p>\n","protected":false},"author":1,"featured_media":0,"parent":0,"menu_order":0,"comment_status":"closed","ping_status":"closed","template":"","meta":{"footnotes":""},"yoast_head":"<!-- This site is optimized with the Yoast SEO plugin v23.5 - https:\/\/yoast.com\/wordpress\/plugins\/seo\/ -->\n<title>Avis juridique - Piscinas menorca<\/title>\n<meta name=\"robots\" content=\"index, follow, max-snippet:-1, max-image-preview:large, max-video-preview:-1\" \/>\n<link rel=\"canonical\" href=\"https:\/\/www.piscinasmenorca.net\/fr\/avis-juridique\/\" \/>\n<meta property=\"og:locale\" content=\"fr_FR\" \/>\n<meta property=\"og:type\" content=\"article\" \/>\n<meta property=\"og:title\" content=\"Avis juridique - Piscinas menorca\" \/>\n<meta property=\"og:description\" content=\"Conform\u00e9ment \u00e0 la Loi 34\/2002 sur les Services de la Soci\u00e9t\u00e9 de l&rsquo;Information, nous vous informons que ce site est la propri\u00e9t\u00e9 d&rsquo;Interpiscinas, S.L. (ci-apr\u00e8s \u00ab\u00a0La [\u2026]\" \/>\n<meta property=\"og:url\" content=\"https:\/\/www.piscinasmenorca.net\/fr\/avis-juridique\/\" \/>\n<meta property=\"og:site_name\" content=\"Piscinas menorca\" \/>\n<meta name=\"twitter:card\" content=\"summary_large_image\" \/>\n<meta name=\"twitter:label1\" content=\"Dur\u00e9e de lecture estim\u00e9e\" \/>\n\t<meta name=\"twitter:data1\" content=\"3 minutes\" \/>\n<script type=\"application\/ld+json\" class=\"yoast-schema-graph\">{\"@context\":\"https:\/\/schema.org\",\"@graph\":[{\"@type\":\"WebPage\",\"@id\":\"https:\/\/www.piscinasmenorca.net\/fr\/avis-juridique\/\",\"url\":\"https:\/\/www.piscinasmenorca.net\/fr\/avis-juridique\/\",\"name\":\"Avis juridique - Piscinas menorca\",\"isPartOf\":{\"@id\":\"https:\/\/www.piscinasmenorca.net\/#website\"},\"datePublished\":\"2018-08-30T09:13:11+00:00\",\"dateModified\":\"2018-08-30T09:13:11+00:00\",\"breadcrumb\":{\"@id\":\"https:\/\/www.piscinasmenorca.net\/fr\/avis-juridique\/#breadcrumb\"},\"inLanguage\":\"fr-FR\",\"potentialAction\":[{\"@type\":\"ReadAction\",\"target\":[\"https:\/\/www.piscinasmenorca.net\/fr\/avis-juridique\/\"]}]},{\"@type\":\"BreadcrumbList\",\"@id\":\"https:\/\/www.piscinasmenorca.net\/fr\/avis-juridique\/#breadcrumb\",\"itemListElement\":[{\"@type\":\"ListItem\",\"position\":1,\"name\":\"Home\",\"item\":\"https:\/\/www.piscinasmenorca.net\/fr\/\"},{\"@type\":\"ListItem\",\"position\":2,\"name\":\"Avis juridique\"}]},{\"@type\":\"WebSite\",\"@id\":\"https:\/\/www.piscinasmenorca.net\/#website\",\"url\":\"https:\/\/www.piscinasmenorca.net\/\",\"name\":\"Piscinas menorca\",\"description\":\"Desde 1975 la casa de picinas de ocnfianza\",\"publisher\":{\"@id\":\"https:\/\/www.piscinasmenorca.net\/#organization\"},\"potentialAction\":[{\"@type\":\"SearchAction\",\"target\":{\"@type\":\"EntryPoint\",\"urlTemplate\":\"https:\/\/www.piscinasmenorca.net\/?s={search_term_string}\"},\"query-input\":{\"@type\":\"PropertyValueSpecification\",\"valueRequired\":true,\"valueName\":\"search_term_string\"}}],\"inLanguage\":\"fr-FR\"},{\"@type\":\"Organization\",\"@id\":\"https:\/\/www.piscinasmenorca.net\/#organization\",\"name\":\"Piscinas Menorca\",\"url\":\"https:\/\/www.piscinasmenorca.net\/\",\"logo\":{\"@type\":\"ImageObject\",\"inLanguage\":\"fr-FR\",\"@id\":\"https:\/\/www.piscinasmenorca.net\/#\/schema\/logo\/image\/\",\"url\":\"https:\/\/www.piscinasmenorca.net\/wp-content\/uploads\/2017\/05\/header-logo-1-1.png\",\"contentUrl\":\"https:\/\/www.piscinasmenorca.net\/wp-content\/uploads\/2017\/05\/header-logo-1-1.png\",\"width\":295,\"height\":98,\"caption\":\"Piscinas Menorca\"},\"image\":{\"@id\":\"https:\/\/www.piscinasmenorca.net\/#\/schema\/logo\/image\/\"}}]}<\/script>\n<!-- \/ Yoast SEO plugin. -->","yoast_head_json":{"title":"Avis juridique - Piscinas menorca","robots":{"index":"index","follow":"follow","max-snippet":"max-snippet:-1","max-image-preview":"max-image-preview:large","max-video-preview":"max-video-preview:-1"},"canonical":"https:\/\/www.piscinasmenorca.net\/fr\/avis-juridique\/","og_locale":"fr_FR","og_type":"article","og_title":"Avis juridique - Piscinas menorca","og_description":"Conform\u00e9ment \u00e0 la Loi 34\/2002 sur les Services de la Soci\u00e9t\u00e9 de l&rsquo;Information, nous vous informons que ce site est la propri\u00e9t\u00e9 d&rsquo;Interpiscinas, S.L. (ci-apr\u00e8s \u00ab\u00a0La [\u2026]","og_url":"https:\/\/www.piscinasmenorca.net\/fr\/avis-juridique\/","og_site_name":"Piscinas menorca","twitter_card":"summary_large_image","twitter_misc":{"Dur\u00e9e de lecture estim\u00e9e":"3 minutes"},"schema":{"@context":"https:\/\/schema.org","@graph":[{"@type":"WebPage","@id":"https:\/\/www.piscinasmenorca.net\/fr\/avis-juridique\/","url":"https:\/\/www.piscinasmenorca.net\/fr\/avis-juridique\/","name":"Avis juridique - Piscinas menorca","isPartOf":{"@id":"https:\/\/www.piscinasmenorca.net\/#website"},"datePublished":"2018-08-30T09:13:11+00:00","dateModified":"2018-08-30T09:13:11+00:00","breadcrumb":{"@id":"https:\/\/www.piscinasmenorca.net\/fr\/avis-juridique\/#breadcrumb"},"inLanguage":"fr-FR","potentialAction":[{"@type":"ReadAction","target":["https:\/\/www.piscinasmenorca.net\/fr\/avis-juridique\/"]}]},{"@type":"BreadcrumbList","@id":"https:\/\/www.piscinasmenorca.net\/fr\/avis-juridique\/#breadcrumb","itemListElement":[{"@type":"ListItem","position":1,"name":"Home","item":"https:\/\/www.piscinasmenorca.net\/fr\/"},{"@type":"ListItem","position":2,"name":"Avis juridique"}]},{"@type":"WebSite","@id":"https:\/\/www.piscinasmenorca.net\/#website","url":"https:\/\/www.piscinasmenorca.net\/","name":"Piscinas menorca","description":"Desde 1975 la casa de picinas de ocnfianza","publisher":{"@id":"https:\/\/www.piscinasmenorca.net\/#organization"},"potentialAction":[{"@type":"SearchAction","target":{"@type":"EntryPoint","urlTemplate":"https:\/\/www.piscinasmenorca.net\/?s={search_term_string}"},"query-input":{"@type":"PropertyValueSpecification","valueRequired":true,"valueName":"search_term_string"}}],"inLanguage":"fr-FR"},{"@type":"Organization","@id":"https:\/\/www.piscinasmenorca.net\/#organization","name":"Piscinas Menorca","url":"https:\/\/www.piscinasmenorca.net\/","logo":{"@type":"ImageObject","inLanguage":"fr-FR","@id":"https:\/\/www.piscinasmenorca.net\/#\/schema\/logo\/image\/","url":"https:\/\/www.piscinasmenorca.net\/wp-content\/uploads\/2017\/05\/header-logo-1-1.png","contentUrl":"https:\/\/www.piscinasmenorca.net\/wp-content\/uploads\/2017\/05\/header-logo-1-1.png","width":295,"height":98,"caption":"Piscinas Menorca"},"image":{"@id":"https:\/\/www.piscinasmenorca.net\/#\/schema\/logo\/image\/"}}]}},"_links":{"self":[{"href":"https:\/\/www.piscinasmenorca.net\/fr\/wp-json\/wp\/v2\/pages\/1550"}],"collection":[{"href":"https:\/\/www.piscinasmenorca.net\/fr\/wp-json\/wp\/v2\/pages"}],"about":[{"href":"https:\/\/www.piscinasmenorca.net\/fr\/wp-json\/wp\/v2\/types\/page"}],"author":[{"embeddable":true,"href":"https:\/\/www.piscinasmenorca.net\/fr\/wp-json\/wp\/v2\/users\/1"}],"replies":[{"embeddable":true,"href":"https:\/\/www.piscinasmenorca.net\/fr\/wp-json\/wp\/v2\/comments?post=1550"}],"version-history":[{"count":0,"href":"https:\/\/www.piscinasmenorca.net\/fr\/wp-json\/wp\/v2\/pages\/1550\/revisions"}],"wp:attachment":[{"href":"https:\/\/www.piscinasmenorca.net\/fr\/wp-json\/wp\/v2\/media?parent=1550"}],"curies":[{"name":"wp","href":"https:\/\/api.w.org\/{rel}","templated":true}]}}